{"id":70,"date":"2017-10-01T18:54:18","date_gmt":"2017-10-01T16:54:18","guid":{"rendered":"http:\/\/karinefridman.fr\/?page_id=70"},"modified":"2026-02-11T13:15:21","modified_gmt":"2026-02-11T12:15:21","slug":"parentalite","status":"publish","type":"page","link":"https:\/\/karinefridman.fr\/","title":{"rendered":"Qui suis-je ?"},"content":{"rendered":"<p>Karine FRIDMAN,\u00a0 <strong>psychologue clinicienne<\/strong> et <strong>th\u00e9rapeute<\/strong>.<\/p>\n<p><strong>Mon approche<\/strong> repose sur une <strong>\u00e9coute attentive<\/strong>, <strong>bienveillante<\/strong> et <strong>respectueuse<\/strong>, afin de vous offrir un espace confidentiel et s\u00e9curisant.<br \/>\nJe vous accompagne dans la compr\u00e9hension de vos difficult\u00e9s, l\u2019apaisement de vos \u00e9motions et le d\u00e9veloppement de vos ressources int\u00e9rieures.<\/p>\n<p><strong>Domaines d\u2019intervention :<\/strong><br \/>\n&#8211; Gestion du stress et de l\u2019anxi\u00e9t\u00e9<br \/>\n&#8211; Gestion des trauma<br \/>\n&#8211; Confiance en soi<br \/>\n&#8211; P\u00e9rinatalit\u00e9<br \/>\n&#8211; Massage b\u00e9b\u00e9<\/p>\n<p><strong>Mon travail<\/strong><br \/>\nMon travail s\u2019appuie sur une approche int\u00e9grative, c\u2019est-\u00e0-dire que je combine diff\u00e9rentes techniques psychoth\u00e9rapeutiques afin d\u2019adapter la d\u00e9marche aux besoins sp\u00e9cifiques de chaque personne :<br \/>\n&#8211; La th\u00e9rapie par ICV (Int\u00e9gration du Cycle de la Vie)<br \/>\n&#8211; La th\u00e9rapie par EFT (Emotionnal Freedom Techniques)<\/p>\n<p><strong>Modalit\u00e9s pratiques :<\/strong><br \/>\n&#8211; Consultations en cabinet : 9 rue de la station \u2013 33 380 MARCHEPRIME<br \/>\n&#8211; Consultations en ligne : disponibles en visioconf\u00e9rence<br \/>\n&#8211; Dur\u00e9e d\u2019une s\u00e9ance : environ 45 minutes<br \/>\n&#8211; Tarif : 80 \u20ac<\/p>\n<p style=\"text-align: center;\"><strong>Me contacter<\/strong><br \/>\n<span style=\"color: #3366ff;\">Karine FRIDMAN, Psychologue Clinicienne \u2013 Th\u00e9rapeute<\/span><\/p>\n<p style=\"text-align: center;\">Th\u00e9rapie par ICV &#8211; Praticienne EFT &#8211; P\u00e9rinatalit\u00e9 &#8211; Massage b\u00e9b\u00e9<br \/>\n<span style=\"color: #3366ff;\">Tel : 06 64 98 03 73\u00a0 \u2013\u00a0 email : karine.fridmanpsy@gmail.com<\/span><\/p>\n","protected":false},"excerpt":{"rendered":"<p>Karine FRIDMAN,\u00a0 psychologue clinicienne et th\u00e9rapeute. Mon approche repose sur une \u00e9coute attentive, bienveillante et respectueuse, afin de vous offrir un espace confidentiel et s\u00e9curisant. Je vous accompagne dans la compr\u00e9hension de vos difficult\u00e9s, l\u2019apaisement de vos \u00e9motions et le d\u00e9veloppement de vos ressources int\u00e9rieures. Domaines d\u2019intervention : &#8211; Gestion du stress et de l\u2019anxi\u00e9t\u00e9 &hellip; <\/p>\n<p class=\"link-more\"><a href=\"https:\/\/karinefridman.fr\/\" class=\"more-link\">Continuer la lecture<span class=\"screen-reader-text\"> de &laquo;&nbsp;Qui suis-je ?&nbsp;&raquo;<\/span><\/a><\/p>\n","protected":false},"author":2,"featured_media":26,"parent":0,"menu_order":2,"comment_status":"closed","ping_status":"closed","template":"","meta":{"footnotes":""},"_links":{"self":[{"href":"https:\/\/karinefridman.fr\/index.php?rest_route=\/wp\/v2\/pages\/70"}],"collection":[{"href":"https:\/\/karinefridman.fr\/index.php?rest_route=\/wp\/v2\/pages"}],"about":[{"href":"https:\/\/karinefridman.fr\/index.php?rest_route=\/wp\/v2\/types\/page"}],"author":[{"embeddable":true,"href":"https:\/\/karinefridman.fr\/index.php?rest_route=\/wp\/v2\/users\/2"}],"replies":[{"embeddable":true,"href":"https:\/\/karinefridman.fr\/index.php?rest_route=%2Fwp%2Fv2%2Fcomments&post=70"}],"version-history":[{"count":18,"href":"https:\/\/karinefridman.fr\/index.php?rest_route=\/wp\/v2\/pages\/70\/revisions"}],"predecessor-version":[{"id":221,"href":"https:\/\/karinefridman.fr\/index.php?rest_route=\/wp\/v2\/pages\/70\/revisions\/221"}],"wp:featuredmedia":[{"embeddable":true,"href":"https:\/\/karinefridman.fr\/index.php?rest_route=\/wp\/v2\/media\/26"}],"wp:attachment":[{"href":"https:\/\/karinefridman.fr\/index.php?rest_route=%2Fwp%2Fv2%2Fmedia&parent=70"}],"curies":[{"name":"wp","href":"https:\/\/api.w.org\/{rel}","templated":true}]}}