{"id":33,"date":"2017-10-01T17:42:14","date_gmt":"2017-10-01T15:42:14","guid":{"rendered":"http:\/\/karinefridman.fr\/?page_id=33"},"modified":"2025-09-18T17:10:30","modified_gmt":"2025-09-18T15:10:30","slug":"massage-bebe","status":"publish","type":"page","link":"https:\/\/karinefridman.fr\/?page_id=33","title":{"rendered":"Massage B\u00e9b\u00e9"},"content":{"rendered":"<p style=\"text-align: center;\"><span style=\"color: #3366ff;\"><strong><span style=\"color: #3366ff;\">Le massage SHANTALA selon la tradition de la m\u00e9decine \u00a0indienne (Ayurv\u00e9da)<\/span><\/strong><\/span><\/p>\n<p>Le massage s\u2019adresse au b\u00e9b\u00e9 d\u00e8s les premiers mois de la vie. En Inde, depuis des si\u00e8cles les m\u00e8res massent leur enfant chaque jour et cr\u00e9ent ainsi une relation singuli\u00e8re et s\u00e9curisante avec lui, tout en\u00a0 lui apportant un d\u00e9veloppement harmonieux.<\/p>\n<p>Le massage Shantala est un massage tonique et enveloppant qui apporte au b\u00e9b\u00e9 un bien-\u00eatre au niveau psychique (\u00e9motionnel) et physique.<\/p>\n<p>Le besoin d\u2019\u00eatre touch\u00e9 est un besoin vital pour le b\u00e9b\u00e9 au m\u00eame titre que l\u2019alimentation. Un besoin primaire, dont le b\u00e9b\u00e9 a d\u00e9j\u00e0 fait l\u2019exp\u00e9rience dans le ventre de sa m\u00e8re lorsqu\u2019il bougeait et touchait les parois de l\u2019ut\u00e9rus.<\/p>\n<p>Par le massage, le b\u00e9b\u00e9 va pouvoir ressentir un sentiment de s\u00e9curit\u00e9 qui va l\u2019aider \u00e0\u00a0se d\u00e9velopper de mani\u00e8re harmonieuse et \u00e0 contr\u00f4ler ses \u00e9motions en grandissant. Le massage va favoriser sa communication, son ouverture au monde. Enfin, le massage va renforcer la relation parent-b\u00e9b\u00e9.<\/p>\n<p><span style=\"color: #3366ff;\">Le parent qui masse son b\u00e9b\u00e9 l\u2019aide \u00e0\u00a0:<\/span><br \/>\n&#8211; prendre conscience de sa corpor\u00e9it\u00e9<br \/>\n&#8211; d\u00e9finir ses limites corporelles<br \/>\n&#8211; am\u00e9liorer son syst\u00e8me digestif<br \/>\n&#8211; am\u00e9liorer son syst\u00e8me immunitaire<br \/>\n&#8211; am\u00e9liorer sa circulation des fluides (circulation du sang, syst\u00e8me lymphatique)<br \/>\n&#8211; am\u00e9liorer son sommeil<br \/>\n&#8211; soulager les coliques<br \/>\n&#8211; am\u00e9liorer les difficult\u00e9s d\u2019\u00e9limination<br \/>\n&#8211; favoriser sa d\u00e9tente articulaire<br \/>\n&#8211; hydrater sa peau<\/p>\n<p>Il est important que le parent soit disponible \u00e0 son b\u00e9b\u00e9, pour \u00eatre \u00e0 son \u00e9coute et observer les r\u00e9actions du b\u00e9b\u00e9 lors du massage.<\/p>\n<p>On ne masse pas sur la digestion du b\u00e9b\u00e9, il faut attendre 30 minutes apr\u00e8s le biberon ou le repas. On ne masse pas si l\u2019enfant est fi\u00e9vreux, en cas d\u2019affection (otite ..), en cas de grosse fatigue et si la peau est ab\u00eem\u00e9e (coup de soleil, \u00e9ruption cutan\u00e9e, h\u00e9matome, \u00e9raflure ).<\/p>\n<p>Une huile v\u00e9g\u00e9tale biologique neutre est chauff\u00e9e et propos\u00e9e aux parents pour le massage. Le parent peut aussi choisir d\u2019apporter\u00a0 ses propres produits.<\/p>\n<p><span style=\"color: #3366ff;\"><strong>D\u00e9roulement<\/strong><\/span><\/p>\n<p>Le b\u00e9b\u00e9 est allong\u00e9 sur les jambes de son parent ou bien face \u00e0 lu, installer sur un gros coussin (coussin d\u2019allaitement ou oreiller). L\u2019enfant est nu, le parent a mis une serviette \u00e9ponge sur lui ou sur le coussin. Un foulard de soie ou de coton sert \u00e0 couvrir les parties du corps non mass\u00e9es du b\u00e9b\u00e9. La pi\u00e8ce est chauff\u00e9e entre 26 et 27 degr\u00e9 apr\u00e8s avoir \u00e9t\u00e9 bien a\u00e9r\u00e9e. Le b\u00e9b\u00e9 porte des chaussons \u00e0 ses pieds au d\u00e9but de massage.<\/p>\n<p>Le parent doit \u00eatre confortable sur un tapis de sol, un petit coussin derri\u00e8re le dos au besoin. Tout au long du massage, on lui propose une respiration abdominale et on lui apprend le balancement inh\u00e9rent \u00e0 tout massage et les gestes appropri\u00e9s sur le corps de son b\u00e9b\u00e9. Il est aussi important de parler au b\u00e9b\u00e9 et de lui expliquer qu\u2019on va le masser.<\/p>\n<p><span style=\"color: #3366ff;\"><strong>Les s\u00e9ances<\/strong><\/span><\/p>\n<p>Avant de commencer les s\u00e9ances une prise de contact est n\u00e9cessaire avec le parents pour lui expliquer en quoi le massage va \u00eatre b\u00e9n\u00e9fique pour son b\u00e9b\u00e9 et lui indiquer le mat\u00e9riel \u00e0 apporter.<\/p>\n<p>La 1<sup>\u00e8re<\/sup> s\u00e9ance consiste \u00e0 ouvrir le dialogue et \u00e0 cr\u00e9er un climat de confiance pour le parent et l\u2019enfant. On explique le d\u00e9roulement, les positions du masseur et restons vigilantes sur l\u2019\u00e9tat psychique du parent, le temp\u00e9rament du b\u00e9b\u00e9 et \u00e0 tout probl\u00e8me \u00e9ventuel.<\/p>\n<p>Le massage de la t\u00eate et du visage peur avoir lieu lors de cette premi\u00e8re s\u00e9ance.<\/p>\n<p>Les autres s\u00e9ances seront consacr\u00e9es aux autres parties du corps du b\u00e9b\u00e9.<\/p>\n<p>L\u2019instructrice au massage b\u00e9b\u00e9 veille \u00e0 l\u2019apprentissage des bons gestes des parents sur leur b\u00e9b\u00e9. Elle ne masse pas le b\u00e9b\u00e9, elle a un poupon pour montrer et expliquer les gestes.<\/p>\n<p>Lorsque le b\u00e9b\u00e9 est trop fatigu\u00e9 ou \u00e9nerv\u00e9, s\u2019il dort ou s\u2019il a t\u00e9t\u00e9 juste avant ou pendant la s\u00e9ance, le parent peut prendre un poupon pour continuer de profiter de l\u2019apprentissage.<\/p>\n<p>Un temps de parole et d\u2019\u00e9change est toujours propos\u00e9 en fin de s\u00e9ance.<\/p>\n<p>Le massage proprement dit ne d\u00e9passe pas 15 minutes pour les b\u00e9b\u00e9s de moins de 1 an.<\/p>\n<p>Pour un apprentissage complet, il faut compter au moins 4 s\u00e9ances sans espacer les s\u00e9ances de plus d\u2019un mois entre elles.<\/p>\n<p style=\"text-align: center;\"><span style=\"color: #000000;\">Karine FRIDMAN, Psychologue Clinicienne<\/span><br \/>\n<span style=\"color: #3366ff;\">Th\u00e9rapeute par ICV &#8211; Praticienne EFT- P\u00e9rinatalit\u00e9\u00a0 &#8211; Massage b\u00e9b\u00e9<\/span><br \/>\n<span style=\"color: #000000;\">Tel : 06 64 98 03 73\u00a0 \u2013\u00a0 karine.fridmanpsy@gmail.com<\/span><\/p>\n","protected":false},"excerpt":{"rendered":"<p>Le massage SHANTALA selon la tradition de la m\u00e9decine \u00a0indienne (Ayurv\u00e9da) Le massage s\u2019adresse au b\u00e9b\u00e9 d\u00e8s les premiers mois de la vie. En Inde, depuis des si\u00e8cles les m\u00e8res massent leur enfant chaque jour et cr\u00e9ent ainsi une relation singuli\u00e8re et s\u00e9curisante avec lui, tout en\u00a0 lui apportant un d\u00e9veloppement harmonieux. Le massage Shantala &hellip; <\/p>\n<p class=\"link-more\"><a href=\"https:\/\/karinefridman.fr\/?page_id=33\" class=\"more-link\">Continuer la lecture<span class=\"screen-reader-text\"> de &laquo;&nbsp;Massage B\u00e9b\u00e9&nbsp;&raquo;<\/span><\/a><\/p>\n","protected":false},"author":2,"featured_media":76,"parent":0,"menu_order":1,"comment_status":"closed","ping_status":"closed","template":"","meta":{"footnotes":""},"_links":{"self":[{"href":"https:\/\/karinefridman.fr\/index.php?rest_route=\/wp\/v2\/pages\/33"}],"collection":[{"href":"https:\/\/karinefridman.fr\/index.php?rest_route=\/wp\/v2\/pages"}],"about":[{"href":"https:\/\/karinefridman.fr\/index.php?rest_route=\/wp\/v2\/types\/page"}],"author":[{"embeddable":true,"href":"https:\/\/karinefridman.fr\/index.php?rest_route=\/wp\/v2\/users\/2"}],"replies":[{"embeddable":true,"href":"https:\/\/karinefridman.fr\/index.php?rest_route=%2Fwp%2Fv2%2Fcomments&post=33"}],"version-history":[{"count":9,"href":"https:\/\/karinefridman.fr\/index.php?rest_route=\/wp\/v2\/pages\/33\/revisions"}],"predecessor-version":[{"id":211,"href":"https:\/\/karinefridman.fr\/index.php?rest_route=\/wp\/v2\/pages\/33\/revisions\/211"}],"wp:featuredmedia":[{"embeddable":true,"href":"https:\/\/karinefridman.fr\/index.php?rest_route=\/wp\/v2\/media\/76"}],"wp:attachment":[{"href":"https:\/\/karinefridman.fr\/index.php?rest_route=%2Fwp%2Fv2%2Fmedia&parent=33"}],"curies":[{"name":"wp","href":"https:\/\/api.w.org\/{rel}","templated":true}]}}