{"id":115,"date":"2019-09-15T20:28:42","date_gmt":"2019-09-15T18:28:42","guid":{"rendered":"http:\/\/karinefridman.fr\/?page_id=115"},"modified":"2025-09-18T21:34:20","modified_gmt":"2025-09-18T19:34:20","slug":"therapie-icv","status":"publish","type":"page","link":"https:\/\/karinefridman.fr\/?page_id=115","title":{"rendered":"Th\u00e9rapie ICV"},"content":{"rendered":"<p>ICV : L&rsquo;int\u00e9gration du cycle de la vie (ICV) est une m\u00e9thode th\u00e9rapeutique r\u00e9cente qui\u00a0 fonctionne en restructurant et en int\u00e9grante les syst\u00e8mes neuronaux dans le corps esprit. Par la r\u00e9p\u00e9tition d&rsquo;une ligne de temps, le patient parvient \u00e0 une meilleur r\u00e9gulation \u00e9motionnelle, afin de mieux g\u00e9rer les \u00e9motions et d\u00e9passer les traumatismes de la vie.<\/p>\n\n\n<p>L&rsquo;Int\u00e9gration du Cycle de la Vie (Lifespan Integration)<\/p>\n\n\n\n<figure class=\"wp-block-embed is-type-video is-provider-youtube wp-block-embed-youtube wp-embed-aspect-16-9 wp-has-aspect-ratio\"><div class=\"wp-block-embed__wrapper\">\n<iframe loading=\"lazy\" title=\"L&#039;Int\u00e9gration du Cycle de la Vie (Lifespan Integration)\" width=\"525\" height=\"295\" src=\"https:\/\/www.youtube.com\/embed\/Mipl5l8WZP4?feature=oembed\" frameborder=\"0\" allow=\"accelerometer; autoplay; clipboard-write; encrypted-media; gyroscope; picture-in-picture; web-share\" referrerpolicy=\"strict-origin-when-cross-origin\" allowfullscreen><\/iframe>\n<\/div><\/figure>\n\n\n\n<p>Pr\u00e9sentation de la th\u00e9rapie en ICV (Int\u00e9gration du Cycle de Vie)<\/p>\n\n\n\n<figure class=\"wp-block-embed is-type-video is-provider-youtube wp-block-embed-youtube wp-embed-aspect-16-9 wp-has-aspect-ratio\"><div class=\"wp-block-embed__wrapper\">\n<iframe loading=\"lazy\" title=\"Pre\u0301sentation de la th\u00e9rapie en ICV (Int\u00e9gration du Cycle de Vie)\" width=\"525\" height=\"295\" src=\"https:\/\/www.youtube.com\/embed\/WpOcs2xz9QI?feature=oembed\" frameborder=\"0\" allow=\"accelerometer; autoplay; clipboard-write; encrypted-media; gyroscope; picture-in-picture; web-share\" referrerpolicy=\"strict-origin-when-cross-origin\" allowfullscreen><\/iframe>\n<\/div><\/figure>\n\n\n\n<p><\/p>\n\n\n\n<p>Poster de Johanna SMITH pr\u00e9sentant tr\u00e8s clairement la psychoth\u00e9rapie par l&rsquo;ICV dans le trouble de stress post traumatique<\/p>\n\n\n\n<figure class=\"wp-block-image size-large\"><img loading=\"lazy\" decoding=\"async\" width=\"789\" height=\"1024\" src=\"http:\/\/karinefridman.fr\/wp-content\/uploads\/2020\/08\/FB_IMG_1584629269576-789x1024.jpg\" alt=\"\" class=\"wp-image-131\" srcset=\"https:\/\/karinefridman.fr\/wp-content\/uploads\/2020\/08\/FB_IMG_1584629269576-789x1024.jpg 789w, https:\/\/karinefridman.fr\/wp-content\/uploads\/2020\/08\/FB_IMG_1584629269576-231x300.jpg 231w, https:\/\/karinefridman.fr\/wp-content\/uploads\/2020\/08\/FB_IMG_1584629269576-768x997.jpg 768w, https:\/\/karinefridman.fr\/wp-content\/uploads\/2020\/08\/FB_IMG_1584629269576.jpg 1080w\" sizes=\"(max-width: 767px) 89vw, (max-width: 1000px) 54vw, (max-width: 1071px) 543px, 580px\" \/><\/figure>\n\n\n\n<p class=\"has-text-align-center\">Karine FRIDMAN, Psychologue Clinicienne<br><mark style=\"background-color:rgba(0, 0, 0, 0)\" class=\"has-inline-color has-vivid-cyan-blue-color\">Th\u00e9rapeute par ICV &#8211; Praticienne EFT- P\u00e9rinatalit\u00e9\u00a0 &#8211; Massage b\u00e9b\u00e9<\/mark><br>Tel : 06 64 98 03 73\u00a0 \u2013\u00a0 karine.fridmanpsy@gmail.com<\/p>\n","protected":false},"excerpt":{"rendered":"<p>ICV : L&rsquo;int\u00e9gration du cycle de la vie (ICV) est une m\u00e9thode th\u00e9rapeutique r\u00e9cente qui\u00a0 fonctionne en restructurant et en int\u00e9grante les syst\u00e8mes neuronaux dans le corps esprit. Par la r\u00e9p\u00e9tition d&rsquo;une ligne de temps, le patient parvient \u00e0 une meilleur r\u00e9gulation \u00e9motionnelle, afin de mieux g\u00e9rer les \u00e9motions et d\u00e9passer les traumatismes de la &hellip; <\/p>\n<p class=\"link-more\"><a href=\"https:\/\/karinefridman.fr\/?page_id=115\" class=\"more-link\">Continuer la lecture<span class=\"screen-reader-text\"> de &laquo;&nbsp;Th\u00e9rapie ICV&nbsp;&raquo;<\/span><\/a><\/p>\n","protected":false},"author":2,"featured_media":136,"parent":0,"menu_order":2,"comment_status":"closed","ping_status":"closed","template":"","meta":{"footnotes":""},"_links":{"self":[{"href":"https:\/\/karinefridman.fr\/index.php?rest_route=\/wp\/v2\/pages\/115"}],"collection":[{"href":"https:\/\/karinefridman.fr\/index.php?rest_route=\/wp\/v2\/pages"}],"about":[{"href":"https:\/\/karinefridman.fr\/index.php?rest_route=\/wp\/v2\/types\/page"}],"author":[{"embeddable":true,"href":"https:\/\/karinefridman.fr\/index.php?rest_route=\/wp\/v2\/users\/2"}],"replies":[{"embeddable":true,"href":"https:\/\/karinefridman.fr\/index.php?rest_route=%2Fwp%2Fv2%2Fcomments&post=115"}],"version-history":[{"count":9,"href":"https:\/\/karinefridman.fr\/index.php?rest_route=\/wp\/v2\/pages\/115\/revisions"}],"predecessor-version":[{"id":219,"href":"https:\/\/karinefridman.fr\/index.php?rest_route=\/wp\/v2\/pages\/115\/revisions\/219"}],"wp:featuredmedia":[{"embeddable":true,"href":"https:\/\/karinefridman.fr\/index.php?rest_route=\/wp\/v2\/media\/136"}],"wp:attachment":[{"href":"https:\/\/karinefridman.fr\/index.php?rest_route=%2Fwp%2Fv2%2Fmedia&parent=115"}],"curies":[{"name":"wp","href":"https:\/\/api.w.org\/{rel}","templated":true}]}}